{"id":129,"date":"2023-07-13T13:05:47","date_gmt":"2023-07-13T11:05:47","guid":{"rendered":"http:\/\/psdsopatow.pl\/?page_id=129"},"modified":"2023-07-14T15:04:01","modified_gmt":"2023-07-14T13:04:01","slug":"elementor-129","status":"publish","type":"page","link":"https:\/\/psdsopatow.pl\/?page_id=129","title":{"rendered":"O nas"},"content":{"rendered":"\t\t<div data-elementor-type=\"wp-page\" data-elementor-id=\"129\" class=\"elementor elementor-129\">\n\t\t\t\t\t\t<section class=\"elementor-section elementor-top-section elementor-element elementor-element-2a2229c elementor-section-boxed elementor-section-height-default elementor-section-height-default\" data-id=\"2a2229c\" data-element_type=\"section\">\n\t\t\t\t\t\t<div class=\"elementor-container elementor-column-gap-default\">\n\t\t\t\t\t<div class=\"elementor-column elementor-col-100 elementor-top-column elementor-element elementor-element-f376cbe\" data-id=\"f376cbe\" data-element_type=\"column\">\n\t\t\t<div class=\"elementor-widget-wrap elementor-element-populated\">\n\t\t\t\t\t\t<div class=\"elementor-element elementor-element-9ee77d6 elementor-widget elementor-widget-image\" data-id=\"9ee77d6\" data-element_type=\"widget\" data-widget_type=\"image.default\">\n\t\t\t\t<div class=\"elementor-widget-container\">\n\t\t\t\t\t\t\t\t\t\t\t\t\t<img fetchpriority=\"high\" decoding=\"async\" width=\"980\" height=\"654\" src=\"https:\/\/psdsopatow.pl\/wp-content\/uploads\/2023\/07\/IMG_0015-1024x683.jpg\" class=\"attachment-large size-large wp-image-86\" alt=\"\" srcset=\"https:\/\/psdsopatow.pl\/wp-content\/uploads\/2023\/07\/IMG_0015-1024x683.jpg 1024w, https:\/\/psdsopatow.pl\/wp-content\/uploads\/2023\/07\/IMG_0015-300x200.jpg 300w, https:\/\/psdsopatow.pl\/wp-content\/uploads\/2023\/07\/IMG_0015-768x512.jpg 768w, https:\/\/psdsopatow.pl\/wp-content\/uploads\/2023\/07\/IMG_0015-1536x1024.jpg 1536w, https:\/\/psdsopatow.pl\/wp-content\/uploads\/2023\/07\/IMG_0015-2048x1365.jpg 2048w\" sizes=\"(max-width: 980px) 100vw, 980px\" \/>\t\t\t\t\t\t\t\t\t\t\t\t\t<\/div>\n\t\t\t\t<\/div>\n\t\t\t\t\t<\/div>\n\t\t<\/div>\n\t\t\t\t\t<\/div>\n\t\t<\/section>\n\t\t\t\t<section class=\"elementor-section elementor-top-section elementor-element elementor-element-e588748 elementor-section-boxed elementor-section-height-default elementor-section-height-default\" data-id=\"e588748\" data-element_type=\"section\">\n\t\t\t\t\t\t<div class=\"elementor-container elementor-column-gap-default\">\n\t\t\t\t\t<div class=\"elementor-column elementor-col-66 elementor-top-column elementor-element elementor-element-becc2cc\" data-id=\"becc2cc\" data-element_type=\"column\">\n\t\t\t<div class=\"elementor-widget-wrap elementor-element-populated\">\n\t\t\t\t\t\t<div class=\"elementor-element elementor-element-04db7ea elementor-widget elementor-widget-text-editor\" data-id=\"04db7ea\" data-element_type=\"widget\" data-widget_type=\"text-editor.default\">\n\t\t\t\t<div class=\"elementor-widget-container\">\n\t\t\t\t\t\t\t<header style=\"color: #6d6d6d; font-family: 'Source Sans Pro', HelveticaNeue-Light, 'Helvetica Neue Light', 'Helvetica Neue', Helvetica, Arial, 'Lucida Grande', sans-serif; margin-bottom: 0px; border-bottom: 0px;\"><h1 style=\"font-size: 2.61792em; margin-bottom: 0.540791em;\">O nas<\/h1><\/header><p style=\"color: #6d6d6d; font-family: 'Source Sans Pro', HelveticaNeue-Light, 'Helvetica Neue Light', 'Helvetica Neue', Helvetica, Arial, 'Lucida Grande', sans-serif;\">Powiatowy \u015arodowiskowy Dom Samopomocy typu A B C D w Opatowie to dzienny o\u015brodek<br \/>wsparcia o charakterze terapeutycznym, przeznaczony dla os\u00f3b z zaburzeniami psychicznymi<br \/>oraz niepe\u0142nosprawno\u015bci\u0105 umys\u0142ow\u0105.\u00a0<br \/>Do najwa\u017cniejszych zada\u0144 naszej plac\u00f3wki\u00a0nale\u017cy podnoszenie jako\u015bci \u017cycia uczestnik\u00f3w i<br \/>zapewnienie im wsparcia poprzez podtrzymywanie i rozwijanie umiej\u0119tno\u015bci niezb\u0119dnych do<br \/>samodzielnego \u017cycia oraz\u00a0organizowanie i prowadzenie terapii zaj\u0119ciowej.<\/p>\t\t\t\t\t\t<\/div>\n\t\t\t\t<\/div>\n\t\t\t\t\t<\/div>\n\t\t<\/div>\n\t\t\t\t<div class=\"elementor-column elementor-col-33 elementor-top-column elementor-element elementor-element-7e682c2\" data-id=\"7e682c2\" data-element_type=\"column\">\n\t\t\t<div class=\"elementor-widget-wrap elementor-element-populated\">\n\t\t\t\t\t\t<div class=\"elementor-element elementor-element-d9c9550 elementor-widget elementor-widget-image\" data-id=\"d9c9550\" data-element_type=\"widget\" data-widget_type=\"image.default\">\n\t\t\t\t<div class=\"elementor-widget-container\">\n\t\t\t\t\t\t\t\t\t\t\t\t\t<img decoding=\"async\" width=\"980\" height=\"654\" src=\"https:\/\/psdsopatow.pl\/wp-content\/uploads\/2023\/07\/IMG_0021-1024x683.jpg\" class=\"attachment-large size-large wp-image-87\" alt=\"\" srcset=\"https:\/\/psdsopatow.pl\/wp-content\/uploads\/2023\/07\/IMG_0021-1024x683.jpg 1024w, https:\/\/psdsopatow.pl\/wp-content\/uploads\/2023\/07\/IMG_0021-300x200.jpg 300w, https:\/\/psdsopatow.pl\/wp-content\/uploads\/2023\/07\/IMG_0021-768x512.jpg 768w, https:\/\/psdsopatow.pl\/wp-content\/uploads\/2023\/07\/IMG_0021-1536x1024.jpg 1536w, https:\/\/psdsopatow.pl\/wp-content\/uploads\/2023\/07\/IMG_0021-2048x1365.jpg 2048w\" sizes=\"(max-width: 980px) 100vw, 980px\" \/>\t\t\t\t\t\t\t\t\t\t\t\t\t<\/div>\n\t\t\t\t<\/div>\n\t\t\t\t\t<\/div>\n\t\t<\/div>\n\t\t\t\t\t<\/div>\n\t\t<\/section>\n\t\t\t\t<section class=\"elementor-section elementor-top-section elementor-element elementor-element-a7a22f1 elementor-section-boxed elementor-section-height-default elementor-section-height-default\" data-id=\"a7a22f1\" data-element_type=\"section\">\n\t\t\t\t\t\t<div class=\"elementor-container elementor-column-gap-default\">\n\t\t\t\t\t<div class=\"elementor-column elementor-col-100 elementor-top-column elementor-element elementor-element-ad69f21\" data-id=\"ad69f21\" data-element_type=\"column\">\n\t\t\t<div class=\"elementor-widget-wrap\">\n\t\t\t\t\t\t\t<\/div>\n\t\t<\/div>\n\t\t\t\t\t<\/div>\n\t\t<\/section>\n\t\t\t\t<section class=\"elementor-section elementor-top-section elementor-element elementor-element-449224f elementor-section-boxed elementor-section-height-default elementor-section-height-default\" data-id=\"449224f\" data-element_type=\"section\">\n\t\t\t\t\t\t<div class=\"elementor-container elementor-column-gap-default\">\n\t\t\t\t\t<div class=\"elementor-column elementor-col-100 elementor-top-column elementor-element elementor-element-ffa7866\" data-id=\"ffa7866\" data-element_type=\"column\">\n\t\t\t<div class=\"elementor-widget-wrap elementor-element-populated\">\n\t\t\t\t\t\t<div class=\"elementor-element elementor-element-0a9b92a elementor-widget elementor-widget-google_maps\" data-id=\"0a9b92a\" data-element_type=\"widget\" data-widget_type=\"google_maps.default\">\n\t\t\t\t<div class=\"elementor-widget-container\">\n\t\t\t\t\t<div class=\"elementor-custom-embed\">\n\t\t\t<iframe loading=\"lazy\"\n\t\t\t\t\tsrc=\"https:\/\/maps.google.com\/maps?q=Opat%C3%B3w%20Szpitalna%20&#038;t=m&#038;z=14&#038;output=embed&#038;iwloc=near\"\n\t\t\t\t\ttitle=\"Opat\u00f3w Szpitalna \"\n\t\t\t\t\taria-label=\"Opat\u00f3w Szpitalna \"\n\t\t\t><\/iframe>\n\t\t<\/div>\n\t\t\t\t<\/div>\n\t\t\t\t<\/div>\n\t\t\t\t\t<\/div>\n\t\t<\/div>\n\t\t\t\t\t<\/div>\n\t\t<\/section>\n\t\t\t\t<\/div>\n\t\t","protected":false},"excerpt":{"rendered":"<p>O nas Powiatowy \u015arodowiskowy Dom Samopomocy typu A B C D w Opatowie to dzienny o\u015brodek wsparcia o charakterze terapeutycznym, przeznaczony dla os\u00f3b z zaburzeniami psychicznymi oraz niepe\u0142nosprawno\u015bci\u0105 umys\u0142ow\u0105.&nbsp; Do najwa\u017cniejszych zada\u0144 naszej plac\u00f3wki&nbsp;nale\u017cy podnoszenie jako\u015bci \u017cycia uczestnik\u00f3w i zapewnienie im wsparcia poprzez podtrzymywanie i rozwijanie umiej\u0119tno\u015bci niezb\u0119dnych do samodzielnego \u017cycia oraz&nbsp;organizowanie i prowadzenie terapii [&hellip;]<\/p>\n","protected":false},"author":1,"featured_media":0,"parent":0,"menu_order":0,"comment_status":"closed","ping_status":"closed","template":"","meta":{"footnotes":""},"class_list":["post-129","page","type-page","status-publish","hentry"],"yoast_head":"<!-- This site is optimized with the Yoast SEO plugin v23.9 - https:\/\/yoast.com\/wordpress\/plugins\/seo\/ -->\n<title>O nas - Powiatowy \u015arodowiskowy Dom Samopomocy typu A B C D w Opatowie<\/title>\n<meta name=\"robots\" content=\"index, follow, max-snippet:-1, max-image-preview:large, max-video-preview:-1\" \/>\n<link rel=\"canonical\" href=\"https:\/\/psdsopatow.pl\/?page_id=129\" \/>\n<meta property=\"og:locale\" content=\"pl_PL\" \/>\n<meta property=\"og:type\" content=\"article\" \/>\n<meta property=\"og:title\" content=\"O nas - Powiatowy \u015arodowiskowy Dom Samopomocy typu A B C D w Opatowie\" \/>\n<meta property=\"og:description\" content=\"O nas Powiatowy \u015arodowiskowy Dom Samopomocy typu A B C D w Opatowie to dzienny o\u015brodek wsparcia o charakterze terapeutycznym, przeznaczony dla os\u00f3b z zaburzeniami psychicznymi oraz niepe\u0142nosprawno\u015bci\u0105 umys\u0142ow\u0105.&nbsp; Do najwa\u017cniejszych zada\u0144 naszej plac\u00f3wki&nbsp;nale\u017cy podnoszenie jako\u015bci \u017cycia uczestnik\u00f3w i zapewnienie im wsparcia poprzez podtrzymywanie i rozwijanie umiej\u0119tno\u015bci niezb\u0119dnych do samodzielnego \u017cycia oraz&nbsp;organizowanie i prowadzenie terapii [&hellip;]\" \/>\n<meta property=\"og:url\" content=\"https:\/\/psdsopatow.pl\/?page_id=129\" \/>\n<meta property=\"og:site_name\" content=\"Powiatowy \u015arodowiskowy Dom Samopomocy typu A B C D w Opatowie\" \/>\n<meta property=\"article:modified_time\" content=\"2023-07-14T13:04:01+00:00\" \/>\n<meta property=\"og:image\" content=\"http:\/\/psdsopatow.pl\/wp-content\/uploads\/2023\/07\/IMG_0015-1024x683.jpg\" \/>\n<meta name=\"twitter:card\" content=\"summary_large_image\" \/>\n<script type=\"application\/ld+json\" class=\"yoast-schema-graph\">{\"@context\":\"https:\/\/schema.org\",\"@graph\":[{\"@type\":\"WebPage\",\"@id\":\"https:\/\/psdsopatow.pl\/?page_id=129\",\"url\":\"https:\/\/psdsopatow.pl\/?page_id=129\",\"name\":\"O nas - Powiatowy \u015arodowiskowy Dom Samopomocy typu A B C D w Opatowie\",\"isPartOf\":{\"@id\":\"https:\/\/psdsopatow.pl\/#website\"},\"primaryImageOfPage\":{\"@id\":\"https:\/\/psdsopatow.pl\/?page_id=129#primaryimage\"},\"image\":{\"@id\":\"https:\/\/psdsopatow.pl\/?page_id=129#primaryimage\"},\"thumbnailUrl\":\"http:\/\/psdsopatow.pl\/wp-content\/uploads\/2023\/07\/IMG_0015-1024x683.jpg\",\"datePublished\":\"2023-07-13T11:05:47+00:00\",\"dateModified\":\"2023-07-14T13:04:01+00:00\",\"breadcrumb\":{\"@id\":\"https:\/\/psdsopatow.pl\/?page_id=129#breadcrumb\"},\"inLanguage\":\"pl-PL\",\"potentialAction\":[{\"@type\":\"ReadAction\",\"target\":[\"https:\/\/psdsopatow.pl\/?page_id=129\"]}]},{\"@type\":\"ImageObject\",\"inLanguage\":\"pl-PL\",\"@id\":\"https:\/\/psdsopatow.pl\/?page_id=129#primaryimage\",\"url\":\"https:\/\/psdsopatow.pl\/wp-content\/uploads\/2023\/07\/IMG_0015-scaled.jpg\",\"contentUrl\":\"https:\/\/psdsopatow.pl\/wp-content\/uploads\/2023\/07\/IMG_0015-scaled.jpg\",\"width\":2560,\"height\":1707},{\"@type\":\"BreadcrumbList\",\"@id\":\"https:\/\/psdsopatow.pl\/?page_id=129#breadcrumb\",\"itemListElement\":[{\"@type\":\"ListItem\",\"position\":1,\"name\":\"Home\",\"item\":\"https:\/\/psdsopatow.pl\/\"},{\"@type\":\"ListItem\",\"position\":2,\"name\":\"O nas\"}]},{\"@type\":\"WebSite\",\"@id\":\"https:\/\/psdsopatow.pl\/#website\",\"url\":\"https:\/\/psdsopatow.pl\/\",\"name\":\"Powiatowy \u015arodowiskowy Dom Samopomocy typu A B C D w Opatowie\",\"description\":\"\",\"publisher\":{\"@id\":\"https:\/\/psdsopatow.pl\/#organization\"},\"potentialAction\":[{\"@type\":\"SearchAction\",\"target\":{\"@type\":\"EntryPoint\",\"urlTemplate\":\"https:\/\/psdsopatow.pl\/?s={search_term_string}\"},\"query-input\":{\"@type\":\"PropertyValueSpecification\",\"valueRequired\":true,\"valueName\":\"search_term_string\"}}],\"inLanguage\":\"pl-PL\"},{\"@type\":\"Organization\",\"@id\":\"https:\/\/psdsopatow.pl\/#organization\",\"name\":\"Powiatowy \u015arodowiskowy Dom Samopomocy typu A B C D w Opatowie\",\"url\":\"https:\/\/psdsopatow.pl\/\",\"logo\":{\"@type\":\"ImageObject\",\"inLanguage\":\"pl-PL\",\"@id\":\"https:\/\/psdsopatow.pl\/#\/schema\/logo\/image\/\",\"url\":\"https:\/\/psdsopatow.pl\/wp-content\/uploads\/2022\/10\/cropped-cropped-18-1.png\",\"contentUrl\":\"https:\/\/psdsopatow.pl\/wp-content\/uploads\/2022\/10\/cropped-cropped-18-1.png\",\"width\":625,\"height\":299,\"caption\":\"Powiatowy \u015arodowiskowy Dom Samopomocy typu A B C D w Opatowie\"},\"image\":{\"@id\":\"https:\/\/psdsopatow.pl\/#\/schema\/logo\/image\/\"}}]}<\/script>\n<!-- \/ Yoast SEO plugin. -->","yoast_head_json":{"title":"O nas - Powiatowy \u015arodowiskowy Dom Samopomocy typu A B C D w Opatowie","robots":{"index":"index","follow":"follow","max-snippet":"max-snippet:-1","max-image-preview":"max-image-preview:large","max-video-preview":"max-video-preview:-1"},"canonical":"https:\/\/psdsopatow.pl\/?page_id=129","og_locale":"pl_PL","og_type":"article","og_title":"O nas - Powiatowy \u015arodowiskowy Dom Samopomocy typu A B C D w Opatowie","og_description":"O nas Powiatowy \u015arodowiskowy Dom Samopomocy typu A B C D w Opatowie to dzienny o\u015brodek wsparcia o charakterze terapeutycznym, przeznaczony dla os\u00f3b z zaburzeniami psychicznymi oraz niepe\u0142nosprawno\u015bci\u0105 umys\u0142ow\u0105.&nbsp; Do najwa\u017cniejszych zada\u0144 naszej plac\u00f3wki&nbsp;nale\u017cy podnoszenie jako\u015bci \u017cycia uczestnik\u00f3w i zapewnienie im wsparcia poprzez podtrzymywanie i rozwijanie umiej\u0119tno\u015bci niezb\u0119dnych do samodzielnego \u017cycia oraz&nbsp;organizowanie i prowadzenie terapii [&hellip;]","og_url":"https:\/\/psdsopatow.pl\/?page_id=129","og_site_name":"Powiatowy \u015arodowiskowy Dom Samopomocy typu A B C D w Opatowie","article_modified_time":"2023-07-14T13:04:01+00:00","og_image":[{"url":"http:\/\/psdsopatow.pl\/wp-content\/uploads\/2023\/07\/IMG_0015-1024x683.jpg"}],"twitter_card":"summary_large_image","schema":{"@context":"https:\/\/schema.org","@graph":[{"@type":"WebPage","@id":"https:\/\/psdsopatow.pl\/?page_id=129","url":"https:\/\/psdsopatow.pl\/?page_id=129","name":"O nas - Powiatowy \u015arodowiskowy Dom Samopomocy typu A B C D w Opatowie","isPartOf":{"@id":"https:\/\/psdsopatow.pl\/#website"},"primaryImageOfPage":{"@id":"https:\/\/psdsopatow.pl\/?page_id=129#primaryimage"},"image":{"@id":"https:\/\/psdsopatow.pl\/?page_id=129#primaryimage"},"thumbnailUrl":"http:\/\/psdsopatow.pl\/wp-content\/uploads\/2023\/07\/IMG_0015-1024x683.jpg","datePublished":"2023-07-13T11:05:47+00:00","dateModified":"2023-07-14T13:04:01+00:00","breadcrumb":{"@id":"https:\/\/psdsopatow.pl\/?page_id=129#breadcrumb"},"inLanguage":"pl-PL","potentialAction":[{"@type":"ReadAction","target":["https:\/\/psdsopatow.pl\/?page_id=129"]}]},{"@type":"ImageObject","inLanguage":"pl-PL","@id":"https:\/\/psdsopatow.pl\/?page_id=129#primaryimage","url":"https:\/\/psdsopatow.pl\/wp-content\/uploads\/2023\/07\/IMG_0015-scaled.jpg","contentUrl":"https:\/\/psdsopatow.pl\/wp-content\/uploads\/2023\/07\/IMG_0015-scaled.jpg","width":2560,"height":1707},{"@type":"BreadcrumbList","@id":"https:\/\/psdsopatow.pl\/?page_id=129#breadcrumb","itemListElement":[{"@type":"ListItem","position":1,"name":"Home","item":"https:\/\/psdsopatow.pl\/"},{"@type":"ListItem","position":2,"name":"O nas"}]},{"@type":"WebSite","@id":"https:\/\/psdsopatow.pl\/#website","url":"https:\/\/psdsopatow.pl\/","name":"Powiatowy \u015arodowiskowy Dom Samopomocy typu A B C D w Opatowie","description":"","publisher":{"@id":"https:\/\/psdsopatow.pl\/#organization"},"potentialAction":[{"@type":"SearchAction","target":{"@type":"EntryPoint","urlTemplate":"https:\/\/psdsopatow.pl\/?s={search_term_string}"},"query-input":{"@type":"PropertyValueSpecification","valueRequired":true,"valueName":"search_term_string"}}],"inLanguage":"pl-PL"},{"@type":"Organization","@id":"https:\/\/psdsopatow.pl\/#organization","name":"Powiatowy \u015arodowiskowy Dom Samopomocy typu A B C D w Opatowie","url":"https:\/\/psdsopatow.pl\/","logo":{"@type":"ImageObject","inLanguage":"pl-PL","@id":"https:\/\/psdsopatow.pl\/#\/schema\/logo\/image\/","url":"https:\/\/psdsopatow.pl\/wp-content\/uploads\/2022\/10\/cropped-cropped-18-1.png","contentUrl":"https:\/\/psdsopatow.pl\/wp-content\/uploads\/2022\/10\/cropped-cropped-18-1.png","width":625,"height":299,"caption":"Powiatowy \u015arodowiskowy Dom Samopomocy typu A B C D w Opatowie"},"image":{"@id":"https:\/\/psdsopatow.pl\/#\/schema\/logo\/image\/"}}]}},"_links":{"self":[{"href":"https:\/\/psdsopatow.pl\/index.php?rest_route=\/wp\/v2\/pages\/129","targetHints":{"allow":["GET"]}}],"collection":[{"href":"https:\/\/psdsopatow.pl\/index.php?rest_route=\/wp\/v2\/pages"}],"about":[{"href":"https:\/\/psdsopatow.pl\/index.php?rest_route=\/wp\/v2\/types\/page"}],"author":[{"embeddable":true,"href":"https:\/\/psdsopatow.pl\/index.php?rest_route=\/wp\/v2\/users\/1"}],"replies":[{"embeddable":true,"href":"https:\/\/psdsopatow.pl\/index.php?rest_route=%2Fwp%2Fv2%2Fcomments&post=129"}],"version-history":[{"count":17,"href":"https:\/\/psdsopatow.pl\/index.php?rest_route=\/wp\/v2\/pages\/129\/revisions"}],"predecessor-version":[{"id":213,"href":"https:\/\/psdsopatow.pl\/index.php?rest_route=\/wp\/v2\/pages\/129\/revisions\/213"}],"wp:attachment":[{"href":"https:\/\/psdsopatow.pl\/index.php?rest_route=%2Fwp%2Fv2%2Fmedia&parent=129"}],"curies":[{"name":"wp","href":"https:\/\/api.w.org\/{rel}","templated":true}]}}